{"id":548,"date":"2025-04-17T18:08:17","date_gmt":"2025-04-17T16:08:17","guid":{"rendered":"https:\/\/www.id16.fr\/modele\/contact-2\/"},"modified":"2026-02-28T17:36:07","modified_gmt":"2026-02-28T16:36:07","slug":"contact","status":"publish","type":"page","link":"https:\/\/www.id16.fr\/modele\/contact\/","title":{"rendered":"Contact"},"content":{"rendered":"\t\t<div data-elementor-type=\"wp-post\" data-elementor-id=\"548\" class=\"elementor elementor-548\">\n\t\t\t\t<div class=\"elementor-element elementor-element-1e6bb73 e-flex e-con-boxed e-con e-parent\" data-id=\"1e6bb73\" data-element_type=\"container\" data-settings=\"{&quot;background_background&quot;:&quot;classic&quot;}\">\n\t\t\t\t\t<div class=\"e-con-inner\">\n\t\t<div class=\"elementor-element elementor-element-2ebda9e e-con-full e-flex e-con e-child\" data-id=\"2ebda9e\" data-element_type=\"container\">\n\t\t\t\t<div class=\"elementor-element elementor-element-9874375 elementor-widget elementor-widget-heading\" data-id=\"9874375\" data-element_type=\"widget\" data-widget_type=\"heading.default\">\n\t\t\t\t<div class=\"elementor-widget-container\">\n\t\t\t\t\t<h1 class=\"elementor-heading-title elementor-size-default\">Contactez nous<\/h1>\t\t\t\t<\/div>\n\t\t\t\t<\/div>\n\t\t\t\t<\/div>\n\t\t\t\t\t<\/div>\n\t\t\t\t<\/div>\n\t\t<div class=\"elementor-element elementor-element-7f85846 e-flex e-con-boxed e-con e-parent\" data-id=\"7f85846\" data-element_type=\"container\">\n\t\t\t\t\t<div class=\"e-con-inner\">\n\t\t\t\t<div class=\"elementor-element elementor-element-c92e473 elementor-widget elementor-widget-heading\" data-id=\"c92e473\" data-element_type=\"widget\" data-widget_type=\"heading.default\">\n\t\t\t\t<div class=\"elementor-widget-container\">\n\t\t\t\t\t<h2 class=\"elementor-heading-title elementor-size-default\">Informations<\/h2>\t\t\t\t<\/div>\n\t\t\t\t<\/div>\n\t\t\t\t\t<\/div>\n\t\t\t\t<\/div>\n\t\t<div class=\"elementor-element elementor-element-c69d37e e-flex e-con-boxed e-con e-parent\" data-id=\"c69d37e\" data-element_type=\"container\">\n\t\t\t\t\t<div class=\"e-con-inner\">\n\t\t<div class=\"elementor-element elementor-element-fdd0f64 e-con-full e-flex e-con e-child\" data-id=\"fdd0f64\" data-element_type=\"container\">\n\t\t\t\t<div class=\"elementor-element elementor-element-8566c3f elementor-widget elementor-widget-google_maps\" data-id=\"8566c3f\" data-element_type=\"widget\" data-widget_type=\"google_maps.default\">\n\t\t\t\t<div class=\"elementor-widget-container\">\n\t\t\t\t\t\t\t<div class=\"elementor-custom-embed\">\n\t\t\t<iframe loading=\"lazy\"\n\t\t\t\t\tsrc=\"https:\/\/maps.google.com\/maps?q=9%20rue%20de%20l%27abb%C3%A9%20rousselot%20%2016000%20Angoul%C3%AAme&#038;t=m&#038;z=16&#038;output=embed&#038;iwloc=near\"\n\t\t\t\t\ttitle=\"9 rue de l&#039;abb\u00e9 rousselot  16000 Angoul\u00eame\"\n\t\t\t\t\taria-label=\"9 rue de l&#039;abb\u00e9 rousselot  16000 Angoul\u00eame\"\n\t\t\t><\/iframe>\n\t\t<\/div>\n\t\t\t\t\t\t<\/div>\n\t\t\t\t<\/div>\n\t\t\t\t<\/div>\n\t\t<div class=\"elementor-element elementor-element-470fffb e-con-full e-flex e-con e-child\" data-id=\"470fffb\" data-element_type=\"container\">\n\t\t<div class=\"elementor-element elementor-element-b0a5c28 e-con-full e-flex e-con e-child\" data-id=\"b0a5c28\" data-element_type=\"container\" data-settings=\"{&quot;background_background&quot;:&quot;classic&quot;}\">\n\t\t<div class=\"elementor-element elementor-element-008dbde e-con-full e-flex e-con e-child\" data-id=\"008dbde\" data-element_type=\"container\">\n\t\t\t\t<div class=\"elementor-element elementor-element-10d625c elementor-widget elementor-widget-icon-box\" data-id=\"10d625c\" data-element_type=\"widget\" data-widget_type=\"icon-box.default\">\n\t\t\t\t<div class=\"elementor-widget-container\">\n\t\t\t\t\t\t\t<div class=\"elementor-icon-box-wrapper\">\n\n\t\t\t\n\t\t\t\t\t\t<div class=\"elementor-icon-box-content\">\n\n\t\t\t\t\t\t\t\t\t<h5 class=\"elementor-icon-box-title\">\n\t\t\t\t\t\t<span  >\n\t\t\t\t\t\t\tAdress\u200be :\t\t\t\t\t\t<\/span>\n\t\t\t\t\t<\/h5>\n\t\t\t\t\n\t\t\t\t\t\t\t\t\t<p class=\"elementor-icon-box-description\">\n\t\t\t\t\t\t9 rue du Club 16000 Angoul\u00eame\n\n\t\t\t\t\t<\/p>\n\t\t\t\t\n\t\t\t<\/div>\n\t\t\t\n\t\t<\/div>\n\t\t\t\t\t\t<\/div>\n\t\t\t\t<\/div>\n\t\t\t\t<div class=\"elementor-element elementor-element-016f9ae elementor-widget elementor-widget-icon-box\" data-id=\"016f9ae\" data-element_type=\"widget\" data-widget_type=\"icon-box.default\">\n\t\t\t\t<div class=\"elementor-widget-container\">\n\t\t\t\t\t\t\t<div class=\"elementor-icon-box-wrapper\">\n\n\t\t\t\n\t\t\t\t\t\t<div class=\"elementor-icon-box-content\">\n\n\t\t\t\t\t\t\t\t\t<h5 class=\"elementor-icon-box-title\">\n\t\t\t\t\t\t<a href=\"mailto:%20contact@id16.fr\" >\n\t\t\t\t\t\t\tEmail :\t\t\t\t\t\t<\/a>\n\t\t\t\t\t<\/h5>\n\t\t\t\t\n\t\t\t\t\n\t\t\t<\/div>\n\t\t\t\n\t\t<\/div>\n\t\t\t\t\t\t<\/div>\n\t\t\t\t<\/div>\n\t\t\t\t<div class=\"elementor-element elementor-element-9e59c42 elementor-widget elementor-widget-text-editor\" data-id=\"9e59c42\" data-element_type=\"widget\" data-widget_type=\"text-editor.default\">\n\t\t\t\t<div class=\"elementor-widget-container\">\n\t\t\t\t\t\t\t\t\t<p><a href=\"mailto:contact@id16.fr\">contact@id16.fr<\/a><\/p><p>\u00a0<\/p>\t\t\t\t\t\t\t\t<\/div>\n\t\t\t\t<\/div>\n\t\t\t\t<\/div>\n\t\t\t\t<div class=\"elementor-element elementor-element-60c6a33 elementor-widget elementor-widget-icon-box\" data-id=\"60c6a33\" data-element_type=\"widget\" data-widget_type=\"icon-box.default\">\n\t\t\t\t<div class=\"elementor-widget-container\">\n\t\t\t\t\t\t\t<div class=\"elementor-icon-box-wrapper\">\n\n\t\t\t\n\t\t\t\t\t\t<div class=\"elementor-icon-box-content\">\n\n\t\t\t\t\t\t\t\t\t<h5 class=\"elementor-icon-box-title\">\n\t\t\t\t\t\t<span  >\n\t\t\t\t\t\t\tHoraires :\t\t\t\t\t\t<\/span>\n\t\t\t\t\t<\/h5>\n\t\t\t\t\n\t\t\t\t\t\t\t\t\t<p class=\"elementor-icon-box-description\">\n\t\t\t\t\t\tNous sommes sur place tous les mercredis \u00e0 partir de 13h30\t\t\t\t\t<\/p>\n\t\t\t\t\n\t\t\t<\/div>\n\t\t\t\n\t\t<\/div>\n\t\t\t\t\t\t<\/div>\n\t\t\t\t<\/div>\n\t\t\t\t<div class=\"elementor-element elementor-element-2367fec elementor-widget elementor-widget-icon-box\" data-id=\"2367fec\" data-element_type=\"widget\" data-widget_type=\"icon-box.default\">\n\t\t\t\t<div class=\"elementor-widget-container\">\n\t\t\t\t\t\t\t<div class=\"elementor-icon-box-wrapper\">\n\n\t\t\t\n\t\t\t\t\t\t<div class=\"elementor-icon-box-content\">\n\n\t\t\t\t\t\t\t\t\t<h5 class=\"elementor-icon-box-title\">\n\t\t\t\t\t\t<span  >\n\t\t\t\t\t\t\tT\u00e9l\u00e9phone\t\t\t\t\t\t<\/span>\n\t\t\t\t\t<\/h5>\n\t\t\t\t\n\t\t\t\t\t\t\t\t\t<p class=\"elementor-icon-box-description\">\n\t\t\t\t\t\t\nEnvoyez un mail pour une demande de rappel sur votre t\u00e9l\u00e9phone\n\t\t\t\t\t<\/p>\n\t\t\t\t\n\t\t\t<\/div>\n\t\t\t\n\t\t<\/div>\n\t\t\t\t\t\t<\/div>\n\t\t\t\t<\/div>\n\t\t\t\t<\/div>\n\t\t\t\t<\/div>\n\t\t\t\t\t<\/div>\n\t\t\t\t<\/div>\n\t\t<div class=\"elementor-element elementor-element-7cca608 e-flex e-con-boxed e-con e-parent\" data-id=\"7cca608\" data-element_type=\"container\">\n\t\t\t\t\t<div class=\"e-con-inner\">\n\t\t<div class=\"elementor-element elementor-element-d466fe9 e-con-full e-flex e-con e-child\" data-id=\"d466fe9\" data-element_type=\"container\">\n\t\t<div class=\"elementor-element elementor-element-9255d8a e-con-full e-flex elementor-invisible e-con e-child\" data-id=\"9255d8a\" data-element_type=\"container\" data-settings=\"{&quot;animation&quot;:&quot;fadeInRight&quot;}\">\n\t\t\t\t<div class=\"elementor-element elementor-element-8edb5d6 elementor-widget elementor-widget-heading\" data-id=\"8edb5d6\" data-element_type=\"widget\" data-widget_type=\"heading.default\">\n\t\t\t\t<div class=\"elementor-widget-container\">\n\t\t\t\t\t<h4 class=\"elementor-heading-title elementor-size-default\">Le Club Retraite et Loisirs est fictif, c'est un exemple de site internet pouvant \u00e9quiper un club de retrait\u00e9s.<\/h4>\t\t\t\t<\/div>\n\t\t\t\t<\/div>\n\t\t\t\t<\/div>\n\t\t\t\t<\/div>\n\t\t\t\t<div class=\"elementor-element elementor-element-03ec0bb elementor-align-center elementor-widget elementor-widget-button\" data-id=\"03ec0bb\" data-element_type=\"widget\" data-widget_type=\"button.default\">\n\t\t\t\t<div class=\"elementor-widget-container\">\n\t\t\t\t\t\t\t\t\t<div class=\"elementor-button-wrapper\">\n\t\t\t\t\t<a class=\"elementor-button elementor-button-link elementor-size-sm\" href=\"mailto:contact@id16.fr\">\n\t\t\t\t\t\t<span class=\"elementor-button-content-wrapper\">\n\t\t\t\t\t\t\t\t\t<span class=\"elementor-button-text\">Demande d'information<\/span>\n\t\t\t\t\t<\/span>\n\t\t\t\t\t<\/a>\n\t\t\t\t<\/div>\n\t\t\t\t\t\t\t\t<\/div>\n\t\t\t\t<\/div>\n\t\t\t\t\t<\/div>\n\t\t\t\t<\/div>\n\t\t\t\t<\/div>\n\t\t","protected":false},"excerpt":{"rendered":"<p>Contactez nous Informations Adress\u200be : 9 rue du Club 16000 Angoul\u00eame Email : contact@id16.fr \u00a0 Horaires : Nous sommes sur place tous les mercredis \u00e0 partir de 13h30 T\u00e9l\u00e9phone Envoyez un mail pour une demande de rappel sur votre t\u00e9l\u00e9phone Le Club Retraite et Loisirs est fictif, c&rsquo;est un exemple de site internet pouvant \u00e9quiper [&hellip;]<\/p>\n","protected":false},"author":1,"featured_media":0,"parent":0,"menu_order":0,"comment_status":"closed","ping_status":"closed","template":"","meta":{"site-sidebar-layout":"no-sidebar","site-content-layout":"page-builder","ast-site-content-layout":"full-width-container","site-content-style":"unboxed","site-sidebar-style":"unboxed","ast-global-header-display":"","ast-banner-title-visibility":"","ast-main-header-display":"","ast-hfb-above-header-display":"","ast-hfb-below-header-display":"","ast-hfb-mobile-header-display":"","site-post-title":"disabled","ast-breadcrumbs-content":"","ast-featured-img":"disabled","footer-sml-layout":"","theme-transparent-header-meta":"enabled","adv-header-id-meta":"","stick-header-meta":"","header-above-stick-meta":"","header-main-stick-meta":"","header-below-stick-meta":"","astra-migrate-meta-layouts":"set","ast-page-background-enabled":"default","ast-page-background-meta":{"desktop":{"background-color":"","background-image":"","background-repeat":"repeat","background-position":"center center","background-size":"auto","background-attachment":"scroll","background-type":"","background-media":"","overlay-type":"","overlay-color":"","overlay-opacity":"","overlay-gradient":""},"tablet":{"background-color":"","background-image":"","background-repeat":"repeat","background-position":"center center","background-size":"auto","background-attachment":"scroll","background-type":"","background-media":"","overlay-type":"","overlay-color":"","overlay-opacity":"","overlay-gradient":""},"mobile":{"background-color":"","background-image":"","background-repeat":"repeat","background-position":"center center","background-size":"auto","background-attachment":"scroll","background-type":"","background-media":"","overlay-type":"","overlay-color":"","overlay-opacity":"","overlay-gradient":""}},"ast-content-background-meta":{"desktop":{"background-color":"var(--ast-global-color-5)","background-image":"","background-repeat":"repeat","background-position":"center center","background-size":"auto","background-attachment":"scroll","background-type":"","background-media":"","overlay-type":"","overlay-color":"","overlay-opacity":"","overlay-gradient":""},"tablet":{"background-color":"var(--ast-global-color-5)","background-image":"","background-repeat":"repeat","background-position":"center center","background-size":"auto","background-attachment":"scroll","background-type":"","background-media":"","overlay-type":"","overlay-color":"","overlay-opacity":"","overlay-gradient":""},"mobile":{"background-color":"var(--ast-global-color-5)","background-image":"","background-repeat":"repeat","background-position":"center center","background-size":"auto","background-attachment":"scroll","background-type":"","background-media":"","overlay-type":"","overlay-color":"","overlay-opacity":"","overlay-gradient":""}},"footnotes":""},"class_list":["post-548","page","type-page","status-publish","hentry"],"yoast_head":"<!-- This site is optimized with the Yoast SEO plugin v26.0 - https:\/\/yoast.com\/wordpress\/plugins\/seo\/ -->\n<title>Contact - Club Retraite et Loisirs \u00e0 Angoul\u00eame<\/title>\n<meta name=\"description\" content=\"Contactez le Club Retraite et Loisirs \u00e0 Angoul\u00eame\" \/>\n<meta name=\"robots\" content=\"index, follow, max-snippet:-1, max-image-preview:large, max-video-preview:-1\" \/>\n<link rel=\"canonical\" href=\"https:\/\/www.id16.fr\/modele\/contact\/\" \/>\n<meta property=\"og:locale\" content=\"fr_FR\" \/>\n<meta property=\"og:type\" content=\"article\" \/>\n<meta property=\"og:title\" content=\"Contact - Club Retraite et Loisirs \u00e0 Angoul\u00eame\" \/>\n<meta property=\"og:description\" content=\"Contactez le Club Retraite et Loisirs \u00e0 Angoul\u00eame\" \/>\n<meta property=\"og:url\" content=\"https:\/\/www.id16.fr\/modele\/contact\/\" \/>\n<meta property=\"og:site_name\" content=\"Club Retraite et Loisirs \u00e0 Angoul\u00eame\" \/>\n<meta property=\"article:modified_time\" content=\"2026-02-28T16:36:07+00:00\" \/>\n<meta name=\"twitter:card\" content=\"summary_large_image\" \/>\n<meta name=\"twitter:label1\" content=\"Dur\u00e9e de lecture estim\u00e9e\" \/>\n\t<meta name=\"twitter:data1\" content=\"1 minute\" \/>\n<script type=\"application\/ld+json\" class=\"yoast-schema-graph\">{\"@context\":\"https:\/\/schema.org\",\"@graph\":[{\"@type\":\"WebPage\",\"@id\":\"https:\/\/www.id16.fr\/modele\/contact\/\",\"url\":\"https:\/\/www.id16.fr\/modele\/contact\/\",\"name\":\"Contact - Club Retraite et Loisirs \u00e0 Angoul\u00eame\",\"isPartOf\":{\"@id\":\"https:\/\/www.id16.fr\/modele\/#website\"},\"datePublished\":\"2025-04-17T16:08:17+00:00\",\"dateModified\":\"2026-02-28T16:36:07+00:00\",\"description\":\"Contactez le Club Retraite et Loisirs \u00e0 Angoul\u00eame\",\"breadcrumb\":{\"@id\":\"https:\/\/www.id16.fr\/modele\/contact\/#breadcrumb\"},\"inLanguage\":\"fr-FR\",\"potentialAction\":[{\"@type\":\"ReadAction\",\"target\":[\"https:\/\/www.id16.fr\/modele\/contact\/\"]}]},{\"@type\":\"BreadcrumbList\",\"@id\":\"https:\/\/www.id16.fr\/modele\/contact\/#breadcrumb\",\"itemListElement\":[{\"@type\":\"ListItem\",\"position\":1,\"name\":\"Accueil\",\"item\":\"https:\/\/www.id16.fr\/modele\/\"},{\"@type\":\"ListItem\",\"position\":2,\"name\":\"Contact\"}]},{\"@type\":\"WebSite\",\"@id\":\"https:\/\/www.id16.fr\/modele\/#website\",\"url\":\"https:\/\/www.id16.fr\/modele\/\",\"name\":\"Club des retrait\u00e9s Victor Hugo Saint Roch\",\"description\":\"Bienvenue au Club\",\"publisher\":{\"@id\":\"https:\/\/www.id16.fr\/modele\/#organization\"},\"potentialAction\":[{\"@type\":\"SearchAction\",\"target\":{\"@type\":\"EntryPoint\",\"urlTemplate\":\"https:\/\/www.id16.fr\/modele\/?s={search_term_string}\"},\"query-input\":{\"@type\":\"PropertyValueSpecification\",\"valueRequired\":true,\"valueName\":\"search_term_string\"}}],\"inLanguage\":\"fr-FR\"},{\"@type\":\"Organization\",\"@id\":\"https:\/\/www.id16.fr\/modele\/#organization\",\"name\":\"Club des retrait\u00e9s Victor Hugo Saint Roch\",\"url\":\"https:\/\/www.id16.fr\/modele\/\",\"logo\":{\"@type\":\"ImageObject\",\"inLanguage\":\"fr-FR\",\"@id\":\"https:\/\/www.id16.fr\/modele\/#\/schema\/logo\/image\/\",\"url\":\"https:\/\/www.id16.fr\/modele\/wp-content\/uploads\/2025\/05\/vh.jpg\",\"contentUrl\":\"https:\/\/www.id16.fr\/modele\/wp-content\/uploads\/2025\/05\/vh.jpg\",\"width\":512,\"height\":512,\"caption\":\"Club des retrait\u00e9s Victor Hugo Saint Roch\"},\"image\":{\"@id\":\"https:\/\/www.id16.fr\/modele\/#\/schema\/logo\/image\/\"}}]}<\/script>\n<!-- \/ Yoast SEO plugin. -->","yoast_head_json":{"title":"Contact - Club Retraite et Loisirs \u00e0 Angoul\u00eame","description":"Contactez le Club Retraite et Loisirs \u00e0 Angoul\u00eame","robots":{"index":"index","follow":"follow","max-snippet":"max-snippet:-1","max-image-preview":"max-image-preview:large","max-video-preview":"max-video-preview:-1"},"canonical":"https:\/\/www.id16.fr\/modele\/contact\/","og_locale":"fr_FR","og_type":"article","og_title":"Contact - Club Retraite et Loisirs \u00e0 Angoul\u00eame","og_description":"Contactez le Club Retraite et Loisirs \u00e0 Angoul\u00eame","og_url":"https:\/\/www.id16.fr\/modele\/contact\/","og_site_name":"Club Retraite et Loisirs \u00e0 Angoul\u00eame","article_modified_time":"2026-02-28T16:36:07+00:00","twitter_card":"summary_large_image","twitter_misc":{"Dur\u00e9e de lecture estim\u00e9e":"1 minute"},"schema":{"@context":"https:\/\/schema.org","@graph":[{"@type":"WebPage","@id":"https:\/\/www.id16.fr\/modele\/contact\/","url":"https:\/\/www.id16.fr\/modele\/contact\/","name":"Contact - Club Retraite et Loisirs \u00e0 Angoul\u00eame","isPartOf":{"@id":"https:\/\/www.id16.fr\/modele\/#website"},"datePublished":"2025-04-17T16:08:17+00:00","dateModified":"2026-02-28T16:36:07+00:00","description":"Contactez le Club Retraite et Loisirs \u00e0 Angoul\u00eame","breadcrumb":{"@id":"https:\/\/www.id16.fr\/modele\/contact\/#breadcrumb"},"inLanguage":"fr-FR","potentialAction":[{"@type":"ReadAction","target":["https:\/\/www.id16.fr\/modele\/contact\/"]}]},{"@type":"BreadcrumbList","@id":"https:\/\/www.id16.fr\/modele\/contact\/#breadcrumb","itemListElement":[{"@type":"ListItem","position":1,"name":"Accueil","item":"https:\/\/www.id16.fr\/modele\/"},{"@type":"ListItem","position":2,"name":"Contact"}]},{"@type":"WebSite","@id":"https:\/\/www.id16.fr\/modele\/#website","url":"https:\/\/www.id16.fr\/modele\/","name":"Club des retrait\u00e9s Victor Hugo Saint Roch","description":"Bienvenue au Club","publisher":{"@id":"https:\/\/www.id16.fr\/modele\/#organization"},"potentialAction":[{"@type":"SearchAction","target":{"@type":"EntryPoint","urlTemplate":"https:\/\/www.id16.fr\/modele\/?s={search_term_string}"},"query-input":{"@type":"PropertyValueSpecification","valueRequired":true,"valueName":"search_term_string"}}],"inLanguage":"fr-FR"},{"@type":"Organization","@id":"https:\/\/www.id16.fr\/modele\/#organization","name":"Club des retrait\u00e9s Victor Hugo Saint Roch","url":"https:\/\/www.id16.fr\/modele\/","logo":{"@type":"ImageObject","inLanguage":"fr-FR","@id":"https:\/\/www.id16.fr\/modele\/#\/schema\/logo\/image\/","url":"https:\/\/www.id16.fr\/modele\/wp-content\/uploads\/2025\/05\/vh.jpg","contentUrl":"https:\/\/www.id16.fr\/modele\/wp-content\/uploads\/2025\/05\/vh.jpg","width":512,"height":512,"caption":"Club des retrait\u00e9s Victor Hugo Saint Roch"},"image":{"@id":"https:\/\/www.id16.fr\/modele\/#\/schema\/logo\/image\/"}}]}},"_links":{"self":[{"href":"https:\/\/www.id16.fr\/modele\/wp-json\/wp\/v2\/pages\/548","targetHints":{"allow":["GET"]}}],"collection":[{"href":"https:\/\/www.id16.fr\/modele\/wp-json\/wp\/v2\/pages"}],"about":[{"href":"https:\/\/www.id16.fr\/modele\/wp-json\/wp\/v2\/types\/page"}],"author":[{"embeddable":true,"href":"https:\/\/www.id16.fr\/modele\/wp-json\/wp\/v2\/users\/1"}],"replies":[{"embeddable":true,"href":"https:\/\/www.id16.fr\/modele\/wp-json\/wp\/v2\/comments?post=548"}],"version-history":[{"count":130,"href":"https:\/\/www.id16.fr\/modele\/wp-json\/wp\/v2\/pages\/548\/revisions"}],"predecessor-version":[{"id":3410,"href":"https:\/\/www.id16.fr\/modele\/wp-json\/wp\/v2\/pages\/548\/revisions\/3410"}],"wp:attachment":[{"href":"https:\/\/www.id16.fr\/modele\/wp-json\/wp\/v2\/media?parent=548"}],"curies":[{"name":"wp","href":"https:\/\/api.w.org\/{rel}","templated":true}]}}