{"id":544,"date":"2025-04-17T18:08:17","date_gmt":"2025-04-17T16:08:17","guid":{"rendered":"https:\/\/www.id16.fr\/modele\/services\/"},"modified":"2026-02-28T17:35:38","modified_gmt":"2026-02-28T16:35:38","slug":"activites","status":"publish","type":"page","link":"https:\/\/www.id16.fr\/modele\/activites\/","title":{"rendered":"Activit\u00e9s"},"content":{"rendered":"\t\t<div data-elementor-type=\"wp-post\" data-elementor-id=\"544\" class=\"elementor elementor-544\">\n\t\t\t\t<div class=\"elementor-element elementor-element-ecdc542 e-flex e-con-boxed e-con e-parent\" data-id=\"ecdc542\" data-element_type=\"container\" data-settings=\"{&quot;background_background&quot;:&quot;classic&quot;}\">\n\t\t\t\t\t<div class=\"e-con-inner\">\n\t\t<div class=\"elementor-element elementor-element-341f31e e-con-full e-flex e-con e-child\" data-id=\"341f31e\" data-element_type=\"container\">\n\t\t\t\t<div class=\"elementor-element elementor-element-c607c23 elementor-widget elementor-widget-heading\" data-id=\"c607c23\" data-element_type=\"widget\" data-widget_type=\"heading.default\">\n\t\t\t\t<div class=\"elementor-widget-container\">\n\t\t\t\t\t<h1 class=\"elementor-heading-title elementor-size-default\">Activit\u00e9s<\/h1>\t\t\t\t<\/div>\n\t\t\t\t<\/div>\n\t\t\t\t<\/div>\n\t\t\t\t\t<\/div>\n\t\t\t\t<\/div>\n\t\t<div class=\"elementor-element elementor-element-c4a58ae e-flex e-con-boxed e-con e-parent\" data-id=\"c4a58ae\" data-element_type=\"container\">\n\t\t\t\t\t<div class=\"e-con-inner\">\n\t\t\t\t<div class=\"elementor-element elementor-element-df2db99 elementor-widget elementor-widget-text-editor\" data-id=\"df2db99\" data-element_type=\"widget\" data-widget_type=\"text-editor.default\">\n\t\t\t\t<div class=\"elementor-widget-container\">\n\t\t\t\t\t\t\t\t\t<h3>Partageons de bons moments dans un esprit convivial !<\/h3>\t\t\t\t\t\t\t\t<\/div>\n\t\t\t\t<\/div>\n\t\t\t\t\t<\/div>\n\t\t\t\t<\/div>\n\t\t<div class=\"elementor-element elementor-element-763a77a e-flex e-con-boxed e-con e-parent\" data-id=\"763a77a\" data-element_type=\"container\">\n\t\t\t\t\t<div class=\"e-con-inner\">\n\t\t<div class=\"elementor-element elementor-element-b19ea39 e-con-full e-flex e-con e-child\" data-id=\"b19ea39\" data-element_type=\"container\">\n\t\t\t\t<div class=\"elementor-element elementor-element-f99f203 elementor-widget elementor-widget-image\" data-id=\"f99f203\" data-element_type=\"widget\" data-widget_type=\"image.default\">\n\t\t\t\t<div class=\"elementor-widget-container\">\n\t\t\t\t\t\t\t\t\t\t\t\t\t\t\t<img fetchpriority=\"high\" decoding=\"async\" width=\"600\" height=\"450\" src=\"https:\/\/www.id16.fr\/modele\/wp-content\/uploads\/2026\/02\/scrabble-1.jpg\" class=\"attachment-large size-large wp-image-3258\" alt=\"\" srcset=\"https:\/\/www.id16.fr\/modele\/wp-content\/uploads\/2026\/02\/scrabble-1.jpg 600w, https:\/\/www.id16.fr\/modele\/wp-content\/uploads\/2026\/02\/scrabble-1-300x225.jpg 300w\" sizes=\"(max-width: 600px) 100vw, 600px\" \/>\t\t\t\t\t\t\t\t\t\t\t\t\t\t\t<\/div>\n\t\t\t\t<\/div>\n\t\t\t\t<div class=\"elementor-element elementor-element-843ed1c elementor-widget elementor-widget-image-box\" data-id=\"843ed1c\" data-element_type=\"widget\" data-widget_type=\"image-box.default\">\n\t\t\t\t<div class=\"elementor-widget-container\">\n\t\t\t\t\t<div class=\"elementor-image-box-wrapper\"><div class=\"elementor-image-box-content\"><h5 class=\"elementor-image-box-title\">Jeux de soci\u00e9t\u00e9<\/h5><p class=\"elementor-image-box-description\">Scrabble, dominos, rummikub, etc.<\/p><\/div><\/div>\t\t\t\t<\/div>\n\t\t\t\t<\/div>\n\t\t\t\t<\/div>\n\t\t<div class=\"elementor-element elementor-element-ec35598 e-con-full e-flex e-con e-child\" data-id=\"ec35598\" data-element_type=\"container\">\n\t\t\t\t<div class=\"elementor-element elementor-element-2d2b862 elementor-widget elementor-widget-image\" data-id=\"2d2b862\" data-element_type=\"widget\" data-widget_type=\"image.default\">\n\t\t\t\t<div class=\"elementor-widget-container\">\n\t\t\t\t\t\t\t\t\t\t\t\t\t\t\t<img decoding=\"async\" width=\"600\" height=\"450\" src=\"https:\/\/www.id16.fr\/modele\/wp-content\/uploads\/2026\/02\/cartes-joueurs.jpg\" class=\"attachment-large size-large wp-image-3260\" alt=\"\" srcset=\"https:\/\/www.id16.fr\/modele\/wp-content\/uploads\/2026\/02\/cartes-joueurs.jpg 600w, https:\/\/www.id16.fr\/modele\/wp-content\/uploads\/2026\/02\/cartes-joueurs-300x225.jpg 300w\" sizes=\"(max-width: 600px) 100vw, 600px\" \/>\t\t\t\t\t\t\t\t\t\t\t\t\t\t\t<\/div>\n\t\t\t\t<\/div>\n\t\t\t\t<div class=\"elementor-element elementor-element-fa4c287 elementor-widget elementor-widget-image-box\" data-id=\"fa4c287\" data-element_type=\"widget\" data-widget_type=\"image-box.default\">\n\t\t\t\t<div class=\"elementor-widget-container\">\n\t\t\t\t\t<div class=\"elementor-image-box-wrapper\"><div class=\"elementor-image-box-content\"><h5 class=\"elementor-image-box-title\">Cartes<\/h5><p class=\"elementor-image-box-description\">Belote, tarot, rami et autres jeux traditionnels<\/p><\/div><\/div>\t\t\t\t<\/div>\n\t\t\t\t<\/div>\n\t\t\t\t<\/div>\n\t\t\t\t\t<\/div>\n\t\t\t\t<\/div>\n\t\t<div class=\"elementor-element elementor-element-5ce4035 e-flex e-con-boxed e-con e-parent\" data-id=\"5ce4035\" data-element_type=\"container\">\n\t\t\t\t\t<div class=\"e-con-inner\">\n\t\t<div class=\"elementor-element elementor-element-a722f70 e-con-full e-flex e-con e-child\" data-id=\"a722f70\" data-element_type=\"container\">\n\t\t\t\t<div class=\"elementor-element elementor-element-07df97f elementor-widget elementor-widget-image\" data-id=\"07df97f\" data-element_type=\"widget\" data-widget_type=\"image.default\">\n\t\t\t\t<div class=\"elementor-widget-container\">\n\t\t\t\t\t\t\t\t\t\t\t\t\t\t\t<img decoding=\"async\" width=\"600\" height=\"450\" src=\"https:\/\/www.id16.fr\/modele\/wp-content\/uploads\/2026\/02\/voyage.jpg\" class=\"attachment-large size-large wp-image-3261\" alt=\"\" srcset=\"https:\/\/www.id16.fr\/modele\/wp-content\/uploads\/2026\/02\/voyage.jpg 600w, https:\/\/www.id16.fr\/modele\/wp-content\/uploads\/2026\/02\/voyage-300x225.jpg 300w\" sizes=\"(max-width: 600px) 100vw, 600px\" \/>\t\t\t\t\t\t\t\t\t\t\t\t\t\t\t<\/div>\n\t\t\t\t<\/div>\n\t\t\t\t<div class=\"elementor-element elementor-element-da03def elementor-widget elementor-widget-image-box\" data-id=\"da03def\" data-element_type=\"widget\" data-widget_type=\"image-box.default\">\n\t\t\t\t<div class=\"elementor-widget-container\">\n\t\t\t\t\t<div class=\"elementor-image-box-wrapper\"><div class=\"elementor-image-box-content\"><h5 class=\"elementor-image-box-title\">Sorties et voyages<\/h5><p class=\"elementor-image-box-description\">Sorties et excursions \u00e0 la journ\u00e9e, voyages, s\u00e9jours d\u00e9tente, ...<\/p><\/div><\/div>\t\t\t\t<\/div>\n\t\t\t\t<\/div>\n\t\t\t\t<\/div>\n\t\t<div class=\"elementor-element elementor-element-78f6d94 e-con-full e-flex e-con e-child\" data-id=\"78f6d94\" data-element_type=\"container\">\n\t\t\t\t<div class=\"elementor-element elementor-element-4befabd elementor-widget elementor-widget-image\" data-id=\"4befabd\" data-element_type=\"widget\" data-widget_type=\"image.default\">\n\t\t\t\t<div class=\"elementor-widget-container\">\n\t\t\t\t\t\t\t\t\t\t\t\t\t\t\t<img loading=\"lazy\" decoding=\"async\" width=\"600\" height=\"450\" src=\"https:\/\/www.id16.fr\/modele\/wp-content\/uploads\/2026\/02\/restaurant.jpg\" class=\"attachment-large size-large wp-image-3262\" alt=\"\" srcset=\"https:\/\/www.id16.fr\/modele\/wp-content\/uploads\/2026\/02\/restaurant.jpg 600w, https:\/\/www.id16.fr\/modele\/wp-content\/uploads\/2026\/02\/restaurant-300x225.jpg 300w\" sizes=\"(max-width: 600px) 100vw, 600px\" \/>\t\t\t\t\t\t\t\t\t\t\t\t\t\t\t<\/div>\n\t\t\t\t<\/div>\n\t\t\t\t<div class=\"elementor-element elementor-element-03e1dc6 elementor-widget elementor-widget-image-box\" data-id=\"03e1dc6\" data-element_type=\"widget\" data-widget_type=\"image-box.default\">\n\t\t\t\t<div class=\"elementor-widget-container\">\n\t\t\t\t\t<div class=\"elementor-image-box-wrapper\"><div class=\"elementor-image-box-content\"><h5 class=\"elementor-image-box-title\">Moments festifs<\/h5><p class=\"elementor-image-box-description\">Anniversaires, No\u00ebl, Nouvel An, Beaujolais nouveau, galette des rois, \u2026<\/p><\/div><\/div>\t\t\t\t<\/div>\n\t\t\t\t<\/div>\n\t\t\t\t<\/div>\n\t\t\t\t\t<\/div>\n\t\t\t\t<\/div>\n\t\t<div class=\"elementor-element elementor-element-7e791c0 e-flex e-con-boxed e-con e-parent\" data-id=\"7e791c0\" data-element_type=\"container\">\n\t\t\t\t\t<div class=\"e-con-inner\">\n\t\t<div class=\"elementor-element elementor-element-59ea696 e-con-full e-flex e-con e-child\" data-id=\"59ea696\" data-element_type=\"container\">\n\t\t<div class=\"elementor-element elementor-element-47d4a56 e-con-full e-flex elementor-invisible e-con e-child\" data-id=\"47d4a56\" data-element_type=\"container\" data-settings=\"{&quot;animation&quot;:&quot;fadeInRight&quot;}\">\n\t\t\t\t<div class=\"elementor-element elementor-element-a0eaac9 elementor-widget elementor-widget-heading\" data-id=\"a0eaac9\" data-element_type=\"widget\" data-widget_type=\"heading.default\">\n\t\t\t\t<div class=\"elementor-widget-container\">\n\t\t\t\t\t<h4 class=\"elementor-heading-title elementor-size-default\">Le Club Retraite et Loisirs est fictif, c'est un exemple de site internet pouvant \u00e9quiper un club de retrait\u00e9s.<\/h4>\t\t\t\t<\/div>\n\t\t\t\t<\/div>\n\t\t\t\t<\/div>\n\t\t\t\t<\/div>\n\t\t\t\t\t<\/div>\n\t\t\t\t<\/div>\n\t\t\t\t<\/div>\n\t\t","protected":false},"excerpt":{"rendered":"<p>Activit\u00e9s Partageons de bons moments dans un esprit convivial ! Jeux de soci\u00e9t\u00e9 Scrabble, dominos, rummikub, etc. Cartes Belote, tarot, rami et autres jeux traditionnels Sorties et voyages Sorties et excursions \u00e0 la journ\u00e9e, voyages, s\u00e9jours d\u00e9tente, &#8230; Moments festifs Anniversaires, No\u00ebl, Nouvel An, Beaujolais nouveau, galette des rois, \u2026 Le Club Retraite et Loisirs [&hellip;]<\/p>\n","protected":false},"author":1,"featured_media":0,"parent":0,"menu_order":0,"comment_status":"closed","ping_status":"closed","template":"","meta":{"site-sidebar-layout":"no-sidebar","site-content-layout":"page-builder","ast-site-content-layout":"full-width-container","site-content-style":"unboxed","site-sidebar-style":"unboxed","ast-global-header-display":"","ast-banner-title-visibility":"","ast-main-header-display":"","ast-hfb-above-header-display":"","ast-hfb-below-header-display":"","ast-hfb-mobile-header-display":"","site-post-title":"disabled","ast-breadcrumbs-content":"","ast-featured-img":"disabled","footer-sml-layout":"","theme-transparent-header-meta":"enabled","adv-header-id-meta":"","stick-header-meta":"","header-above-stick-meta":"","header-main-stick-meta":"","header-below-stick-meta":"","astra-migrate-meta-layouts":"set","ast-page-background-enabled":"default","ast-page-background-meta":{"desktop":{"background-color":"","background-image":"","background-repeat":"repeat","background-position":"center center","background-size":"auto","background-attachment":"scroll","background-type":"","background-media":"","overlay-type":"","overlay-color":"","overlay-opacity":"","overlay-gradient":""},"tablet":{"background-color":"","background-image":"","background-repeat":"repeat","background-position":"center center","background-size":"auto","background-attachment":"scroll","background-type":"","background-media":"","overlay-type":"","overlay-color":"","overlay-opacity":"","overlay-gradient":""},"mobile":{"background-color":"","background-image":"","background-repeat":"repeat","background-position":"center center","background-size":"auto","background-attachment":"scroll","background-type":"","background-media":"","overlay-type":"","overlay-color":"","overlay-opacity":"","overlay-gradient":""}},"ast-content-background-meta":{"desktop":{"background-color":"var(--ast-global-color-5)","background-image":"","background-repeat":"repeat","background-position":"center center","background-size":"auto","background-attachment":"scroll","background-type":"","background-media":"","overlay-type":"","overlay-color":"","overlay-opacity":"","overlay-gradient":""},"tablet":{"background-color":"var(--ast-global-color-5)","background-image":"","background-repeat":"repeat","background-position":"center center","background-size":"auto","background-attachment":"scroll","background-type":"","background-media":"","overlay-type":"","overlay-color":"","overlay-opacity":"","overlay-gradient":""},"mobile":{"background-color":"var(--ast-global-color-5)","background-image":"","background-repeat":"repeat","background-position":"center center","background-size":"auto","background-attachment":"scroll","background-type":"","background-media":"","overlay-type":"","overlay-color":"","overlay-opacity":"","overlay-gradient":""}},"footnotes":""},"class_list":["post-544","page","type-page","status-publish","hentry"],"yoast_head":"<!-- This site is optimized with the Yoast SEO plugin v26.0 - https:\/\/yoast.com\/wordpress\/plugins\/seo\/ -->\n<title>Activit\u00e9s du Club Retraite et Loisirs \u00e0 Angoul\u00eame<\/title>\n<meta name=\"description\" content=\"Pour les seniors \u00e0 Angoul\u00eame jeux de soci\u00e9t\u00e9, scrabble, cartes, tarot , belote, , sorties, voyages, anniversaires, No\u00ebl, Nouvel An, Beaujolais nouveau, galette des rois, etc...\" \/>\n<meta name=\"robots\" content=\"index, follow, max-snippet:-1, max-image-preview:large, max-video-preview:-1\" \/>\n<link rel=\"canonical\" href=\"https:\/\/www.id16.fr\/modele\/activites\/\" \/>\n<meta property=\"og:locale\" content=\"fr_FR\" \/>\n<meta property=\"og:type\" content=\"article\" \/>\n<meta property=\"og:title\" content=\"Activit\u00e9s du Club Retraite et Loisirs \u00e0 Angoul\u00eame\" \/>\n<meta property=\"og:description\" content=\"Pour les seniors \u00e0 Angoul\u00eame jeux de soci\u00e9t\u00e9, scrabble, cartes, tarot , belote, , sorties, voyages, anniversaires, No\u00ebl, Nouvel An, Beaujolais nouveau, galette des rois, etc...\" \/>\n<meta property=\"og:url\" content=\"https:\/\/www.id16.fr\/modele\/activites\/\" \/>\n<meta property=\"og:site_name\" content=\"Club Retraite et Loisirs \u00e0 Angoul\u00eame\" \/>\n<meta property=\"article:modified_time\" content=\"2026-02-28T16:35:38+00:00\" \/>\n<meta property=\"og:image\" content=\"https:\/\/www.id16.fr\/modele\/wp-content\/uploads\/2026\/02\/scrabble-1.jpg\" \/>\n\t<meta property=\"og:image:width\" content=\"600\" \/>\n\t<meta property=\"og:image:height\" content=\"450\" \/>\n\t<meta property=\"og:image:type\" content=\"image\/jpeg\" \/>\n<meta name=\"twitter:card\" content=\"summary_large_image\" \/>\n<meta name=\"twitter:label1\" content=\"Dur\u00e9e de lecture estim\u00e9e\" \/>\n\t<meta name=\"twitter:data1\" content=\"2 minutes\" \/>\n<script type=\"application\/ld+json\" class=\"yoast-schema-graph\">{\"@context\":\"https:\/\/schema.org\",\"@graph\":[{\"@type\":\"WebPage\",\"@id\":\"https:\/\/www.id16.fr\/modele\/activites\/\",\"url\":\"https:\/\/www.id16.fr\/modele\/activites\/\",\"name\":\"Activit\u00e9s du Club Retraite et Loisirs \u00e0 Angoul\u00eame\",\"isPartOf\":{\"@id\":\"https:\/\/www.id16.fr\/modele\/#website\"},\"primaryImageOfPage\":{\"@id\":\"https:\/\/www.id16.fr\/modele\/activites\/#primaryimage\"},\"image\":{\"@id\":\"https:\/\/www.id16.fr\/modele\/activites\/#primaryimage\"},\"thumbnailUrl\":\"https:\/\/www.id16.fr\/modele\/wp-content\/uploads\/2026\/02\/scrabble-1.jpg\",\"datePublished\":\"2025-04-17T16:08:17+00:00\",\"dateModified\":\"2026-02-28T16:35:38+00:00\",\"description\":\"Pour les seniors \u00e0 Angoul\u00eame jeux de soci\u00e9t\u00e9, scrabble, cartes, tarot , belote, , sorties, voyages, anniversaires, No\u00ebl, Nouvel An, Beaujolais nouveau, galette des rois, etc...\",\"breadcrumb\":{\"@id\":\"https:\/\/www.id16.fr\/modele\/activites\/#breadcrumb\"},\"inLanguage\":\"fr-FR\",\"potentialAction\":[{\"@type\":\"ReadAction\",\"target\":[\"https:\/\/www.id16.fr\/modele\/activites\/\"]}]},{\"@type\":\"ImageObject\",\"inLanguage\":\"fr-FR\",\"@id\":\"https:\/\/www.id16.fr\/modele\/activites\/#primaryimage\",\"url\":\"https:\/\/www.id16.fr\/modele\/wp-content\/uploads\/2026\/02\/scrabble-1.jpg\",\"contentUrl\":\"https:\/\/www.id16.fr\/modele\/wp-content\/uploads\/2026\/02\/scrabble-1.jpg\",\"width\":600,\"height\":450},{\"@type\":\"BreadcrumbList\",\"@id\":\"https:\/\/www.id16.fr\/modele\/activites\/#breadcrumb\",\"itemListElement\":[{\"@type\":\"ListItem\",\"position\":1,\"name\":\"Accueil\",\"item\":\"https:\/\/www.id16.fr\/modele\/\"},{\"@type\":\"ListItem\",\"position\":2,\"name\":\"Activit\u00e9s\"}]},{\"@type\":\"WebSite\",\"@id\":\"https:\/\/www.id16.fr\/modele\/#website\",\"url\":\"https:\/\/www.id16.fr\/modele\/\",\"name\":\"Club des retrait\u00e9s Victor Hugo Saint Roch\",\"description\":\"Bienvenue au Club\",\"publisher\":{\"@id\":\"https:\/\/www.id16.fr\/modele\/#organization\"},\"potentialAction\":[{\"@type\":\"SearchAction\",\"target\":{\"@type\":\"EntryPoint\",\"urlTemplate\":\"https:\/\/www.id16.fr\/modele\/?s={search_term_string}\"},\"query-input\":{\"@type\":\"PropertyValueSpecification\",\"valueRequired\":true,\"valueName\":\"search_term_string\"}}],\"inLanguage\":\"fr-FR\"},{\"@type\":\"Organization\",\"@id\":\"https:\/\/www.id16.fr\/modele\/#organization\",\"name\":\"Club des retrait\u00e9s Victor Hugo Saint Roch\",\"url\":\"https:\/\/www.id16.fr\/modele\/\",\"logo\":{\"@type\":\"ImageObject\",\"inLanguage\":\"fr-FR\",\"@id\":\"https:\/\/www.id16.fr\/modele\/#\/schema\/logo\/image\/\",\"url\":\"https:\/\/www.id16.fr\/modele\/wp-content\/uploads\/2025\/05\/vh.jpg\",\"contentUrl\":\"https:\/\/www.id16.fr\/modele\/wp-content\/uploads\/2025\/05\/vh.jpg\",\"width\":512,\"height\":512,\"caption\":\"Club des retrait\u00e9s Victor Hugo Saint Roch\"},\"image\":{\"@id\":\"https:\/\/www.id16.fr\/modele\/#\/schema\/logo\/image\/\"}}]}<\/script>\n<!-- \/ Yoast SEO plugin. -->","yoast_head_json":{"title":"Activit\u00e9s du Club Retraite et Loisirs \u00e0 Angoul\u00eame","description":"Pour les seniors \u00e0 Angoul\u00eame jeux de soci\u00e9t\u00e9, scrabble, cartes, tarot , belote, , sorties, voyages, anniversaires, No\u00ebl, Nouvel An, Beaujolais nouveau, galette des rois, etc...","robots":{"index":"index","follow":"follow","max-snippet":"max-snippet:-1","max-image-preview":"max-image-preview:large","max-video-preview":"max-video-preview:-1"},"canonical":"https:\/\/www.id16.fr\/modele\/activites\/","og_locale":"fr_FR","og_type":"article","og_title":"Activit\u00e9s du Club Retraite et Loisirs \u00e0 Angoul\u00eame","og_description":"Pour les seniors \u00e0 Angoul\u00eame jeux de soci\u00e9t\u00e9, scrabble, cartes, tarot , belote, , sorties, voyages, anniversaires, No\u00ebl, Nouvel An, Beaujolais nouveau, galette des rois, etc...","og_url":"https:\/\/www.id16.fr\/modele\/activites\/","og_site_name":"Club Retraite et Loisirs \u00e0 Angoul\u00eame","article_modified_time":"2026-02-28T16:35:38+00:00","og_image":[{"width":600,"height":450,"url":"https:\/\/www.id16.fr\/modele\/wp-content\/uploads\/2026\/02\/scrabble-1.jpg","type":"image\/jpeg"}],"twitter_card":"summary_large_image","twitter_misc":{"Dur\u00e9e de lecture estim\u00e9e":"2 minutes"},"schema":{"@context":"https:\/\/schema.org","@graph":[{"@type":"WebPage","@id":"https:\/\/www.id16.fr\/modele\/activites\/","url":"https:\/\/www.id16.fr\/modele\/activites\/","name":"Activit\u00e9s du Club Retraite et Loisirs \u00e0 Angoul\u00eame","isPartOf":{"@id":"https:\/\/www.id16.fr\/modele\/#website"},"primaryImageOfPage":{"@id":"https:\/\/www.id16.fr\/modele\/activites\/#primaryimage"},"image":{"@id":"https:\/\/www.id16.fr\/modele\/activites\/#primaryimage"},"thumbnailUrl":"https:\/\/www.id16.fr\/modele\/wp-content\/uploads\/2026\/02\/scrabble-1.jpg","datePublished":"2025-04-17T16:08:17+00:00","dateModified":"2026-02-28T16:35:38+00:00","description":"Pour les seniors \u00e0 Angoul\u00eame jeux de soci\u00e9t\u00e9, scrabble, cartes, tarot , belote, , sorties, voyages, anniversaires, No\u00ebl, Nouvel An, Beaujolais nouveau, galette des rois, etc...","breadcrumb":{"@id":"https:\/\/www.id16.fr\/modele\/activites\/#breadcrumb"},"inLanguage":"fr-FR","potentialAction":[{"@type":"ReadAction","target":["https:\/\/www.id16.fr\/modele\/activites\/"]}]},{"@type":"ImageObject","inLanguage":"fr-FR","@id":"https:\/\/www.id16.fr\/modele\/activites\/#primaryimage","url":"https:\/\/www.id16.fr\/modele\/wp-content\/uploads\/2026\/02\/scrabble-1.jpg","contentUrl":"https:\/\/www.id16.fr\/modele\/wp-content\/uploads\/2026\/02\/scrabble-1.jpg","width":600,"height":450},{"@type":"BreadcrumbList","@id":"https:\/\/www.id16.fr\/modele\/activites\/#breadcrumb","itemListElement":[{"@type":"ListItem","position":1,"name":"Accueil","item":"https:\/\/www.id16.fr\/modele\/"},{"@type":"ListItem","position":2,"name":"Activit\u00e9s"}]},{"@type":"WebSite","@id":"https:\/\/www.id16.fr\/modele\/#website","url":"https:\/\/www.id16.fr\/modele\/","name":"Club des retrait\u00e9s Victor Hugo Saint Roch","description":"Bienvenue au Club","publisher":{"@id":"https:\/\/www.id16.fr\/modele\/#organization"},"potentialAction":[{"@type":"SearchAction","target":{"@type":"EntryPoint","urlTemplate":"https:\/\/www.id16.fr\/modele\/?s={search_term_string}"},"query-input":{"@type":"PropertyValueSpecification","valueRequired":true,"valueName":"search_term_string"}}],"inLanguage":"fr-FR"},{"@type":"Organization","@id":"https:\/\/www.id16.fr\/modele\/#organization","name":"Club des retrait\u00e9s Victor Hugo Saint Roch","url":"https:\/\/www.id16.fr\/modele\/","logo":{"@type":"ImageObject","inLanguage":"fr-FR","@id":"https:\/\/www.id16.fr\/modele\/#\/schema\/logo\/image\/","url":"https:\/\/www.id16.fr\/modele\/wp-content\/uploads\/2025\/05\/vh.jpg","contentUrl":"https:\/\/www.id16.fr\/modele\/wp-content\/uploads\/2025\/05\/vh.jpg","width":512,"height":512,"caption":"Club des retrait\u00e9s Victor Hugo Saint Roch"},"image":{"@id":"https:\/\/www.id16.fr\/modele\/#\/schema\/logo\/image\/"}}]}},"_links":{"self":[{"href":"https:\/\/www.id16.fr\/modele\/wp-json\/wp\/v2\/pages\/544","targetHints":{"allow":["GET"]}}],"collection":[{"href":"https:\/\/www.id16.fr\/modele\/wp-json\/wp\/v2\/pages"}],"about":[{"href":"https:\/\/www.id16.fr\/modele\/wp-json\/wp\/v2\/types\/page"}],"author":[{"embeddable":true,"href":"https:\/\/www.id16.fr\/modele\/wp-json\/wp\/v2\/users\/1"}],"replies":[{"embeddable":true,"href":"https:\/\/www.id16.fr\/modele\/wp-json\/wp\/v2\/comments?post=544"}],"version-history":[{"count":67,"href":"https:\/\/www.id16.fr\/modele\/wp-json\/wp\/v2\/pages\/544\/revisions"}],"predecessor-version":[{"id":3407,"href":"https:\/\/www.id16.fr\/modele\/wp-json\/wp\/v2\/pages\/544\/revisions\/3407"}],"wp:attachment":[{"href":"https:\/\/www.id16.fr\/modele\/wp-json\/wp\/v2\/media?parent=544"}],"curies":[{"name":"wp","href":"https:\/\/api.w.org\/{rel}","templated":true}]}}