{"id":542,"date":"2025-04-17T18:08:17","date_gmt":"2025-04-17T16:08:17","guid":{"rendered":"https:\/\/www.id16.fr\/modele\/about\/"},"modified":"2026-02-28T17:37:11","modified_gmt":"2026-02-28T16:37:11","slug":"qui-sommes-nous","status":"publish","type":"page","link":"https:\/\/www.id16.fr\/modele\/qui-sommes-nous\/","title":{"rendered":"Qui sommes nous ?"},"content":{"rendered":"\t\t<div data-elementor-type=\"wp-post\" data-elementor-id=\"542\" class=\"elementor elementor-542\">\n\t\t\t\t<div class=\"elementor-element elementor-element-5f02ddf e-flex e-con-boxed e-con e-parent\" data-id=\"5f02ddf\" data-element_type=\"container\" data-settings=\"{&quot;background_background&quot;:&quot;classic&quot;}\">\n\t\t\t\t\t<div class=\"e-con-inner\">\n\t\t<div class=\"elementor-element elementor-element-0502d81 e-con-full e-flex e-con e-child\" data-id=\"0502d81\" data-element_type=\"container\">\n\t\t\t\t<div class=\"elementor-element elementor-element-03d202b elementor-widget elementor-widget-heading\" data-id=\"03d202b\" data-element_type=\"widget\" data-widget_type=\"heading.default\">\n\t\t\t\t<div class=\"elementor-widget-container\">\n\t\t\t\t\t<h1 class=\"elementor-heading-title elementor-size-default\">Qui sommes nous ?<\/h1>\t\t\t\t<\/div>\n\t\t\t\t<\/div>\n\t\t\t\t<\/div>\n\t\t\t\t\t<\/div>\n\t\t\t\t<\/div>\n\t\t<div class=\"elementor-element elementor-element-43c11bf e-flex e-con-boxed e-con e-parent\" data-id=\"43c11bf\" data-element_type=\"container\">\n\t\t\t\t\t<div class=\"e-con-inner\">\n\t\t\t\t<div class=\"elementor-element elementor-element-69ad601 elementor-widget elementor-widget-heading\" data-id=\"69ad601\" data-element_type=\"widget\" data-widget_type=\"heading.default\">\n\t\t\t\t<div class=\"elementor-widget-container\">\n\t\t\t\t\t<h2 class=\"elementor-heading-title elementor-size-default\">Notre Histoire<\/h2>\t\t\t\t<\/div>\n\t\t\t\t<\/div>\n\t\t\t\t<div class=\"elementor-element elementor-element-0ad000a elementor-widget-divider--view-line elementor-widget elementor-widget-divider\" data-id=\"0ad000a\" data-element_type=\"widget\" data-widget_type=\"divider.default\">\n\t\t\t\t<div class=\"elementor-widget-container\">\n\t\t\t\t\t\t\t<div class=\"elementor-divider\">\n\t\t\t<span class=\"elementor-divider-separator\">\n\t\t\t\t\t\t<\/span>\n\t\t<\/div>\n\t\t\t\t\t\t<\/div>\n\t\t\t\t<\/div>\n\t\t<div class=\"elementor-element elementor-element-1692e5b e-con-full e-flex e-con e-child\" data-id=\"1692e5b\" data-element_type=\"container\" data-settings=\"{&quot;background_background&quot;:&quot;gradient&quot;}\">\n\t\t\t\t<div class=\"elementor-element elementor-element-ab835f4 elementor-widget elementor-widget-text-editor\" data-id=\"ab835f4\" data-element_type=\"widget\" data-widget_type=\"text-editor.default\">\n\t\t\t\t<div class=\"elementor-widget-container\">\n\t\t\t\t\t\t\t\t\t<h5 class=\"tm5\"><strong>Une communaut\u00e9 chaleureuse<\/strong><\/h5><p class=\"tm6\"><strong>Le Club Retraite et Loisirs <\/strong>a \u00e9t\u00e9 fond\u00e9 en f\u00e9vrier 1995 pour rassembler les retrait\u00e9s du <strong>quartier Victor Hugo<\/strong>. Nous croyons en l\u2019importance des liens sociaux et du divertissement pour rompre l&rsquo;isolement.<\/p><p class=\"tm6\"><em><strong>Nous sommes sur place <span style=\"text-decoration: underline;\">le mercredi \u00e0 partir de 13h30<\/span>, salle Bellesalle\u00a0 \u00e0 Angoul\u00eame, \u00e0 deux pas de la place Victor Hugo. <\/strong><\/em><em><strong>Venez vous inscrire vous serez accueillis chaleureusement !<\/strong><\/em><\/p>\t\t\t\t\t\t\t\t<\/div>\n\t\t\t\t<\/div>\n\t\t\t\t<\/div>\n\t\t\t\t\t<\/div>\n\t\t\t\t<\/div>\n\t\t<div class=\"elementor-element elementor-element-8195a0d e-flex e-con-boxed e-con e-parent\" data-id=\"8195a0d\" data-element_type=\"container\">\n\t\t\t\t\t<div class=\"e-con-inner\">\n\t\t<div class=\"elementor-element elementor-element-c48d12f e-con-full e-flex e-con e-child\" data-id=\"c48d12f\" data-element_type=\"container\">\n\t\t\t\t<div class=\"elementor-element elementor-element-491f841 elementor-widget elementor-widget-heading\" data-id=\"491f841\" data-element_type=\"widget\" data-widget_type=\"heading.default\">\n\t\t\t\t<div class=\"elementor-widget-container\">\n\t\t\t\t\t<h4 class=\"elementor-heading-title elementor-size-default\">Activit\u00e9s vari\u00e9es<\/h4>\t\t\t\t<\/div>\n\t\t\t\t<\/div>\n\t\t\t\t<div class=\"elementor-element elementor-element-7beb61e elementor-widget-divider--view-line elementor-widget elementor-widget-divider\" data-id=\"7beb61e\" data-element_type=\"widget\" data-widget_type=\"divider.default\">\n\t\t\t\t<div class=\"elementor-widget-container\">\n\t\t\t\t\t\t\t<div class=\"elementor-divider\">\n\t\t\t<span class=\"elementor-divider-separator\">\n\t\t\t\t\t\t<\/span>\n\t\t<\/div>\n\t\t\t\t\t\t<\/div>\n\t\t\t\t<\/div>\n\t\t\t\t<div class=\"elementor-element elementor-element-c5cd51e elementor-widget elementor-widget-text-editor\" data-id=\"c5cd51e\" data-element_type=\"widget\" data-widget_type=\"text-editor.default\">\n\t\t\t\t<div class=\"elementor-widget-container\">\n\t\t\t\t\t\t\t\t\t<p class=\"tm6\">Au Club <strong>Retraite et Loisirs<\/strong> nous proposons une vari\u00e9t\u00e9 d\u2019activit\u00e9s destin\u00e9es \u00e0 <strong>divertir et rassembler<\/strong> nos membres. Que ce soit des jeux de soci\u00e9t\u00e9 ou des excursions, il y en a pour tous les go\u00fbts.<\/p><h5 class=\"tm5\"><strong>Jeux de Soci\u00e9t\u00e9<\/strong><\/h5><p class=\"tm6\">Les jeux de soci\u00e9t\u00e9 sont un excellent moyen de <strong>stimuler l\u2019esprit<\/strong> tout en passant un <strong>bon moment avec des amis<\/strong>. Nos membres se retrouvent une fois par semaine pour partager des rires et des d\u00e9fis. Que vous soyez novice ou expert, tout le monde est le bienvenu.<\/p><h5 class=\"tm5\"><strong>Voyages et sorties<\/strong><\/h5><p class=\"tm6\">Nous nous retrouvons souvent pour un <strong>d\u00e9jeuner entre amis<\/strong> dans un restaurant d&rsquo;Angoul\u00eame, nos <strong>voyages sont soigneusement planifi\u00e9s<\/strong>, chaque sortie est con\u00e7ue pour favoriser des r<strong>encontres enrichissantes et divertissantes<\/strong>.<\/p>\t\t\t\t\t\t\t\t<\/div>\n\t\t\t\t<\/div>\n\t\t\t\t<\/div>\n\t\t<div class=\"elementor-element elementor-element-d47d4cd e-con-full e-flex e-con e-child\" data-id=\"d47d4cd\" data-element_type=\"container\">\n\t\t\t\t<div class=\"elementor-element elementor-element-bf795e2 elementor-widget elementor-widget-heading\" data-id=\"bf795e2\" data-element_type=\"widget\" data-widget_type=\"heading.default\">\n\t\t\t\t<div class=\"elementor-widget-container\">\n\t\t\t\t\t<h4 class=\"elementor-heading-title elementor-size-default\">Ev\u00e8nements<\/h4>\t\t\t\t<\/div>\n\t\t\t\t<\/div>\n\t\t\t\t<div class=\"elementor-element elementor-element-ae16dd8 elementor-widget-divider--view-line elementor-widget elementor-widget-divider\" data-id=\"ae16dd8\" data-element_type=\"widget\" data-widget_type=\"divider.default\">\n\t\t\t\t<div class=\"elementor-widget-container\">\n\t\t\t\t\t\t\t<div class=\"elementor-divider\">\n\t\t\t<span class=\"elementor-divider-separator\">\n\t\t\t\t\t\t<\/span>\n\t\t<\/div>\n\t\t\t\t\t\t<\/div>\n\t\t\t\t<\/div>\n\t\t\t\t<div class=\"elementor-element elementor-element-8c4a333 elementor-widget elementor-widget-text-editor\" data-id=\"8c4a333\" data-element_type=\"widget\" data-widget_type=\"text-editor.default\">\n\t\t\t\t<div class=\"elementor-widget-container\">\n\t\t\t\t\t\t\t\t\t<h5 class=\"tm5\"><strong>Actualit\u00e9s du Club<\/strong><\/h5><p class=\"tm6\">La section <strong>Informations<\/strong> du Club est essentielle pour maintenir l\u2019engagement de nos membres. Vous y trouverez des <strong>comptes rendus de nos \u00e9v\u00e9nements<\/strong>, des mises \u00e0 jour sur les activit\u00e9s \u00e0 venir, et des <strong>galeries photos<\/strong> illustrant les moments de la vie du club.<\/p><h5 class=\"tm5\"><strong>C\u00e9l\u00e9brations<\/strong><\/h5><p class=\"tm6\">Du <strong>Nouvel An \u00e0 No\u00ebl<\/strong>, en passant par <strong>la galette des Rois,<\/strong> le <strong>Beaujolais nouveau,<\/strong> les <strong>anniversaires<\/strong> de nos membres, nos c\u00e9l\u00e9brations sont des moments de joie et de partage. Ces \u00e9v\u00e9nements <strong>renforcent les liens<\/strong> entre les membres et permettent de cr\u00e9er des <strong>souvenirs inoubliables<\/strong>.<\/p><p class=\"Normal\">\u00a0<\/p>\t\t\t\t\t\t\t\t<\/div>\n\t\t\t\t<\/div>\n\t\t\t\t<\/div>\n\t\t\t\t\t<\/div>\n\t\t\t\t<\/div>\n\t\t<div class=\"elementor-element elementor-element-5bef28d e-flex e-con-boxed e-con e-parent\" data-id=\"5bef28d\" data-element_type=\"container\">\n\t\t\t\t\t<div class=\"e-con-inner\">\n\t\t<div class=\"elementor-element elementor-element-6c6c92f e-con-full e-flex elementor-invisible e-con e-child\" data-id=\"6c6c92f\" data-element_type=\"container\" data-settings=\"{&quot;animation&quot;:&quot;fadeInRight&quot;}\">\n\t\t\t\t<div class=\"elementor-element elementor-element-3b48c34 elementor-widget elementor-widget-heading\" data-id=\"3b48c34\" data-element_type=\"widget\" data-widget_type=\"heading.default\">\n\t\t\t\t<div class=\"elementor-widget-container\">\n\t\t\t\t\t<h4 class=\"elementor-heading-title elementor-size-default\">Le Club Retraite et Loisirs est fictif, c'est un exemple de site internet pouvant \u00e9quiper un club de retrait\u00e9s.<\/h4>\t\t\t\t<\/div>\n\t\t\t\t<\/div>\n\t\t\t\t<\/div>\n\t\t\t\t\t<\/div>\n\t\t\t\t<\/div>\n\t\t\t\t<\/div>\n\t\t","protected":false},"excerpt":{"rendered":"<p>Qui sommes nous ? Notre Histoire Une communaut\u00e9 chaleureuse Le Club Retraite et Loisirs a \u00e9t\u00e9 fond\u00e9 en f\u00e9vrier 1995 pour rassembler les retrait\u00e9s du quartier Victor Hugo. Nous croyons en l\u2019importance des liens sociaux et du divertissement pour rompre l&rsquo;isolement. Nous sommes sur place le mercredi \u00e0 partir de 13h30, salle Bellesalle\u00a0 \u00e0 Angoul\u00eame, [&hellip;]<\/p>\n","protected":false},"author":1,"featured_media":0,"parent":0,"menu_order":0,"comment_status":"closed","ping_status":"closed","template":"","meta":{"site-sidebar-layout":"no-sidebar","site-content-layout":"page-builder","ast-site-content-layout":"full-width-container","site-content-style":"unboxed","site-sidebar-style":"unboxed","ast-global-header-display":"","ast-banner-title-visibility":"","ast-main-header-display":"","ast-hfb-above-header-display":"","ast-hfb-below-header-display":"","ast-hfb-mobile-header-display":"","site-post-title":"disabled","ast-breadcrumbs-content":"","ast-featured-img":"disabled","footer-sml-layout":"","theme-transparent-header-meta":"enabled","adv-header-id-meta":"","stick-header-meta":"","header-above-stick-meta":"","header-main-stick-meta":"","header-below-stick-meta":"","astra-migrate-meta-layouts":"set","ast-page-background-enabled":"default","ast-page-background-meta":{"desktop":{"background-color":"","background-image":"","background-repeat":"repeat","background-position":"center center","background-size":"auto","background-attachment":"scroll","background-type":"","background-media":"","overlay-type":"","overlay-color":"","overlay-opacity":"","overlay-gradient":""},"tablet":{"background-color":"","background-image":"","background-repeat":"repeat","background-position":"center center","background-size":"auto","background-attachment":"scroll","background-type":"","background-media":"","overlay-type":"","overlay-color":"","overlay-opacity":"","overlay-gradient":""},"mobile":{"background-color":"","background-image":"","background-repeat":"repeat","background-position":"center center","background-size":"auto","background-attachment":"scroll","background-type":"","background-media":"","overlay-type":"","overlay-color":"","overlay-opacity":"","overlay-gradient":""}},"ast-content-background-meta":{"desktop":{"background-color":"var(--ast-global-color-5)","background-image":"","background-repeat":"repeat","background-position":"center center","background-size":"auto","background-attachment":"scroll","background-type":"","background-media":"","overlay-type":"","overlay-color":"","overlay-opacity":"","overlay-gradient":""},"tablet":{"background-color":"var(--ast-global-color-5)","background-image":"","background-repeat":"repeat","background-position":"center center","background-size":"auto","background-attachment":"scroll","background-type":"","background-media":"","overlay-type":"","overlay-color":"","overlay-opacity":"","overlay-gradient":""},"mobile":{"background-color":"var(--ast-global-color-5)","background-image":"","background-repeat":"repeat","background-position":"center center","background-size":"auto","background-attachment":"scroll","background-type":"","background-media":"","overlay-type":"","overlay-color":"","overlay-opacity":"","overlay-gradient":""}},"footnotes":""},"class_list":["post-542","page","type-page","status-publish","hentry"],"yoast_head":"<!-- This site is optimized with the Yoast SEO plugin v26.0 - https:\/\/yoast.com\/wordpress\/plugins\/seo\/ -->\n<title>Qui sommes nous ? - Club Retraite et Loisirs \u00e0 Angoul\u00eame<\/title>\n<meta name=\"description\" content=\"A Angoul\u00eame au Club Retraite et Loisirs nous proposons une vari\u00e9t\u00e9 d\u2019activit\u00e9s destin\u00e9es \u00e0 divertir et rassembler nos membres. Que ce soit des jeux de soci\u00e9t\u00e9 ou des excursions, il y en a pour tous les go\u00fbts.\" \/>\n<meta name=\"robots\" content=\"index, follow, max-snippet:-1, max-image-preview:large, max-video-preview:-1\" \/>\n<link rel=\"canonical\" href=\"https:\/\/www.id16.fr\/modele\/qui-sommes-nous\/\" \/>\n<meta property=\"og:locale\" content=\"fr_FR\" \/>\n<meta property=\"og:type\" content=\"article\" \/>\n<meta property=\"og:title\" content=\"Qui sommes nous ? - Club Retraite et Loisirs \u00e0 Angoul\u00eame\" \/>\n<meta property=\"og:description\" content=\"A Angoul\u00eame au Club Retraite et Loisirs nous proposons une vari\u00e9t\u00e9 d\u2019activit\u00e9s destin\u00e9es \u00e0 divertir et rassembler nos membres. Que ce soit des jeux de soci\u00e9t\u00e9 ou des excursions, il y en a pour tous les go\u00fbts.\" \/>\n<meta property=\"og:url\" content=\"https:\/\/www.id16.fr\/modele\/qui-sommes-nous\/\" \/>\n<meta property=\"og:site_name\" content=\"Club Retraite et Loisirs \u00e0 Angoul\u00eame\" \/>\n<meta property=\"article:modified_time\" content=\"2026-02-28T16:37:11+00:00\" \/>\n<meta name=\"twitter:card\" content=\"summary_large_image\" \/>\n<meta name=\"twitter:label1\" content=\"Dur\u00e9e de lecture estim\u00e9e\" \/>\n\t<meta name=\"twitter:data1\" content=\"2 minutes\" \/>\n<script type=\"application\/ld+json\" class=\"yoast-schema-graph\">{\"@context\":\"https:\/\/schema.org\",\"@graph\":[{\"@type\":\"WebPage\",\"@id\":\"https:\/\/www.id16.fr\/modele\/qui-sommes-nous\/\",\"url\":\"https:\/\/www.id16.fr\/modele\/qui-sommes-nous\/\",\"name\":\"Qui sommes nous ? - Club Retraite et Loisirs \u00e0 Angoul\u00eame\",\"isPartOf\":{\"@id\":\"https:\/\/www.id16.fr\/modele\/#website\"},\"datePublished\":\"2025-04-17T16:08:17+00:00\",\"dateModified\":\"2026-02-28T16:37:11+00:00\",\"description\":\"A Angoul\u00eame au Club Retraite et Loisirs nous proposons une vari\u00e9t\u00e9 d\u2019activit\u00e9s destin\u00e9es \u00e0 divertir et rassembler nos membres. Que ce soit des jeux de soci\u00e9t\u00e9 ou des excursions, il y en a pour tous les go\u00fbts.\",\"breadcrumb\":{\"@id\":\"https:\/\/www.id16.fr\/modele\/qui-sommes-nous\/#breadcrumb\"},\"inLanguage\":\"fr-FR\",\"potentialAction\":[{\"@type\":\"ReadAction\",\"target\":[\"https:\/\/www.id16.fr\/modele\/qui-sommes-nous\/\"]}]},{\"@type\":\"BreadcrumbList\",\"@id\":\"https:\/\/www.id16.fr\/modele\/qui-sommes-nous\/#breadcrumb\",\"itemListElement\":[{\"@type\":\"ListItem\",\"position\":1,\"name\":\"Accueil\",\"item\":\"https:\/\/www.id16.fr\/modele\/\"},{\"@type\":\"ListItem\",\"position\":2,\"name\":\"Qui sommes nous ?\"}]},{\"@type\":\"WebSite\",\"@id\":\"https:\/\/www.id16.fr\/modele\/#website\",\"url\":\"https:\/\/www.id16.fr\/modele\/\",\"name\":\"Club des retrait\u00e9s Victor Hugo Saint Roch\",\"description\":\"Bienvenue au Club\",\"publisher\":{\"@id\":\"https:\/\/www.id16.fr\/modele\/#organization\"},\"potentialAction\":[{\"@type\":\"SearchAction\",\"target\":{\"@type\":\"EntryPoint\",\"urlTemplate\":\"https:\/\/www.id16.fr\/modele\/?s={search_term_string}\"},\"query-input\":{\"@type\":\"PropertyValueSpecification\",\"valueRequired\":true,\"valueName\":\"search_term_string\"}}],\"inLanguage\":\"fr-FR\"},{\"@type\":\"Organization\",\"@id\":\"https:\/\/www.id16.fr\/modele\/#organization\",\"name\":\"Club des retrait\u00e9s Victor Hugo Saint Roch\",\"url\":\"https:\/\/www.id16.fr\/modele\/\",\"logo\":{\"@type\":\"ImageObject\",\"inLanguage\":\"fr-FR\",\"@id\":\"https:\/\/www.id16.fr\/modele\/#\/schema\/logo\/image\/\",\"url\":\"https:\/\/www.id16.fr\/modele\/wp-content\/uploads\/2025\/05\/vh.jpg\",\"contentUrl\":\"https:\/\/www.id16.fr\/modele\/wp-content\/uploads\/2025\/05\/vh.jpg\",\"width\":512,\"height\":512,\"caption\":\"Club des retrait\u00e9s Victor Hugo Saint Roch\"},\"image\":{\"@id\":\"https:\/\/www.id16.fr\/modele\/#\/schema\/logo\/image\/\"}}]}<\/script>\n<!-- \/ Yoast SEO plugin. -->","yoast_head_json":{"title":"Qui sommes nous ? - Club Retraite et Loisirs \u00e0 Angoul\u00eame","description":"A Angoul\u00eame au Club Retraite et Loisirs nous proposons une vari\u00e9t\u00e9 d\u2019activit\u00e9s destin\u00e9es \u00e0 divertir et rassembler nos membres. Que ce soit des jeux de soci\u00e9t\u00e9 ou des excursions, il y en a pour tous les go\u00fbts.","robots":{"index":"index","follow":"follow","max-snippet":"max-snippet:-1","max-image-preview":"max-image-preview:large","max-video-preview":"max-video-preview:-1"},"canonical":"https:\/\/www.id16.fr\/modele\/qui-sommes-nous\/","og_locale":"fr_FR","og_type":"article","og_title":"Qui sommes nous ? - Club Retraite et Loisirs \u00e0 Angoul\u00eame","og_description":"A Angoul\u00eame au Club Retraite et Loisirs nous proposons une vari\u00e9t\u00e9 d\u2019activit\u00e9s destin\u00e9es \u00e0 divertir et rassembler nos membres. Que ce soit des jeux de soci\u00e9t\u00e9 ou des excursions, il y en a pour tous les go\u00fbts.","og_url":"https:\/\/www.id16.fr\/modele\/qui-sommes-nous\/","og_site_name":"Club Retraite et Loisirs \u00e0 Angoul\u00eame","article_modified_time":"2026-02-28T16:37:11+00:00","twitter_card":"summary_large_image","twitter_misc":{"Dur\u00e9e de lecture estim\u00e9e":"2 minutes"},"schema":{"@context":"https:\/\/schema.org","@graph":[{"@type":"WebPage","@id":"https:\/\/www.id16.fr\/modele\/qui-sommes-nous\/","url":"https:\/\/www.id16.fr\/modele\/qui-sommes-nous\/","name":"Qui sommes nous ? - Club Retraite et Loisirs \u00e0 Angoul\u00eame","isPartOf":{"@id":"https:\/\/www.id16.fr\/modele\/#website"},"datePublished":"2025-04-17T16:08:17+00:00","dateModified":"2026-02-28T16:37:11+00:00","description":"A Angoul\u00eame au Club Retraite et Loisirs nous proposons une vari\u00e9t\u00e9 d\u2019activit\u00e9s destin\u00e9es \u00e0 divertir et rassembler nos membres. Que ce soit des jeux de soci\u00e9t\u00e9 ou des excursions, il y en a pour tous les go\u00fbts.","breadcrumb":{"@id":"https:\/\/www.id16.fr\/modele\/qui-sommes-nous\/#breadcrumb"},"inLanguage":"fr-FR","potentialAction":[{"@type":"ReadAction","target":["https:\/\/www.id16.fr\/modele\/qui-sommes-nous\/"]}]},{"@type":"BreadcrumbList","@id":"https:\/\/www.id16.fr\/modele\/qui-sommes-nous\/#breadcrumb","itemListElement":[{"@type":"ListItem","position":1,"name":"Accueil","item":"https:\/\/www.id16.fr\/modele\/"},{"@type":"ListItem","position":2,"name":"Qui sommes nous ?"}]},{"@type":"WebSite","@id":"https:\/\/www.id16.fr\/modele\/#website","url":"https:\/\/www.id16.fr\/modele\/","name":"Club des retrait\u00e9s Victor Hugo Saint Roch","description":"Bienvenue au Club","publisher":{"@id":"https:\/\/www.id16.fr\/modele\/#organization"},"potentialAction":[{"@type":"SearchAction","target":{"@type":"EntryPoint","urlTemplate":"https:\/\/www.id16.fr\/modele\/?s={search_term_string}"},"query-input":{"@type":"PropertyValueSpecification","valueRequired":true,"valueName":"search_term_string"}}],"inLanguage":"fr-FR"},{"@type":"Organization","@id":"https:\/\/www.id16.fr\/modele\/#organization","name":"Club des retrait\u00e9s Victor Hugo Saint Roch","url":"https:\/\/www.id16.fr\/modele\/","logo":{"@type":"ImageObject","inLanguage":"fr-FR","@id":"https:\/\/www.id16.fr\/modele\/#\/schema\/logo\/image\/","url":"https:\/\/www.id16.fr\/modele\/wp-content\/uploads\/2025\/05\/vh.jpg","contentUrl":"https:\/\/www.id16.fr\/modele\/wp-content\/uploads\/2025\/05\/vh.jpg","width":512,"height":512,"caption":"Club des retrait\u00e9s Victor Hugo Saint Roch"},"image":{"@id":"https:\/\/www.id16.fr\/modele\/#\/schema\/logo\/image\/"}}]}},"_links":{"self":[{"href":"https:\/\/www.id16.fr\/modele\/wp-json\/wp\/v2\/pages\/542","targetHints":{"allow":["GET"]}}],"collection":[{"href":"https:\/\/www.id16.fr\/modele\/wp-json\/wp\/v2\/pages"}],"about":[{"href":"https:\/\/www.id16.fr\/modele\/wp-json\/wp\/v2\/types\/page"}],"author":[{"embeddable":true,"href":"https:\/\/www.id16.fr\/modele\/wp-json\/wp\/v2\/users\/1"}],"replies":[{"embeddable":true,"href":"https:\/\/www.id16.fr\/modele\/wp-json\/wp\/v2\/comments?post=542"}],"version-history":[{"count":87,"href":"https:\/\/www.id16.fr\/modele\/wp-json\/wp\/v2\/pages\/542\/revisions"}],"predecessor-version":[{"id":3416,"href":"https:\/\/www.id16.fr\/modele\/wp-json\/wp\/v2\/pages\/542\/revisions\/3416"}],"wp:attachment":[{"href":"https:\/\/www.id16.fr\/modele\/wp-json\/wp\/v2\/media?parent=542"}],"curies":[{"name":"wp","href":"https:\/\/api.w.org\/{rel}","templated":true}]}}